{"id":709,"date":"2016-03-30T11:00:13","date_gmt":"2016-03-30T11:00:13","guid":{"rendered":"http:\/\/demo.themeum.com\/wordpress\/cuisine\/?page_id=709"},"modified":"2020-05-11T02:13:45","modified_gmt":"2020-05-11T00:13:45","slug":"livraison","status":"publish","type":"page","link":"https:\/\/lartdsens-traiteur.com\/index.php\/livraison\/","title":{"rendered":"Livraison"},"content":{"rendered":"<p>[vc_row css=&#8221;.vc_custom_1589154257311{margin-top: -70px !important;}&#8221;][vc_column css=&#8221;.vc_custom_1589154234067{margin-bottom: -100px !important;}&#8221;][vc_column_text css_animation=&#8221;none&#8221;]D\u00e9couvrez nos menus de livraisons ! Nos produits sont frais, locaux et fran\u00e7ais !\u00a0 Seulement du Lundi au Vendredi. Contactez nous au 06 79 06 69 99 afin de commander !<\/p>\n<h2>Nos menus<\/h2>\n<p>[\/vc_column_text][vc_tta_pageable][vc_tta_section title=&#8221;Section 2&#8243; tab_id=&#8221;1589153799012-df8e34f4-f632&#8243;][\/vc_tta_section][\/vc_tta_pageable][\/vc_column][\/vc_row][vc_section css=&#8221;.vc_custom_1589154425674{margin-top: -200px !important;}&#8221;][\/vc_section][vc_section][vc_row][vc_column width=&#8221;1\/2&#8243;]<div class=\"addon-classic-menu \"><div class=\"addon-classic-content\"><div class=\"wow fadeInLeft\" data-wow-delay=\"0ms\"><h4>1. B\u0153uf fa\u00e7on Bangkok<\/h4><span class=\"menu-price\">12\u20ac<\/span><div class=\"menu-dots\"><\/div><div class=\"menu-text\"><\/div><\/div><div class=\"wow fadeInLeft\" data-wow-delay=\"0ms\"><h4>2. Tagliatelle au poulet et petits l\u00e9gumes saut\u00e9s<\/h4><span class=\"menu-price\">12\u20ac<\/span><div class=\"menu-dots\"><\/div><div class=\"menu-text\"><\/div><\/div><div class=\"wow fadeInLeft\" data-wow-delay=\"0ms\"><h4>3. Fricass\u00e9 de volaille aux champignons<\/h4><span class=\"menu-price\">12\u20ac<\/span><div class=\"menu-dots\"><\/div><div class=\"menu-text\"><\/div><\/div><div class=\"wow fadeInLeft\" data-wow-delay=\"0ms\"><h4>4. Pav\u00e9 de saumon cuisin\u00e9 \u00e0 la citronnelle<\/h4><span class=\"menu-price\">12\u20ac<\/span><div class=\"menu-dots\"><\/div><div class=\"menu-text\"><\/div><\/div><\/div><\/div>[\/vc_column][vc_column width=&#8221;1\/2&#8243;]<div class=\"addon-classic-menu \"><div class=\"addon-classic-content\"><div class=\"wow fadeInLeft\" data-wow-delay=\"0ms\"><h4>5. Ensalada di buffala del Italia<\/h4><span class=\"menu-price\">12\u20ac<\/span><div class=\"menu-dots\"><\/div><div class=\"menu-text\"> Salade du moment assaisonn\u00e9 d\u2019huile de truffe<\/div><\/div><div class=\"wow fadeInLeft\" data-wow-delay=\"0ms\"><h4>6. V\u00e9ritable andouillette de Troyes<\/h4><span class=\"menu-price\">12\u20ac<\/span><div class=\"menu-dots\"><\/div><div class=\"menu-text\"><\/div><\/div><div class=\"wow fadeInLeft\" data-wow-delay=\"0ms\"><h4>7. Paella uniquement le vendredi<\/h4><span class=\"menu-price\">12\u20ac<\/span><div class=\"menu-dots\"><\/div><div class=\"menu-text\"><\/div><\/div><\/div><\/div>[\/vc_column][\/vc_row][vc_row][vc_column][vc_column_text]<\/p>\n<h2>Un ou deux accompagnements \u00e0 choisir<\/h2>\n<p>[\/vc_column_text][\/vc_column][\/vc_row][vc_row][vc_column width=&#8221;1\/2&#8243;]<div class=\"addon-classic-menu \"><div class=\"addon-classic-content\"><div class=\"wow fadeInLeft\" data-wow-delay=\"0ms\"><h4>1. Pomme grenaille r\u00f4tiau thym<\/h4><span class=\"menu-price\"><\/span><div class=\"menu-dots\"><\/div><div class=\"menu-text\"><\/div><\/div><div class=\"wow fadeInLeft\" data-wow-delay=\"0ms\"><h4>2. Riz aux amandes<\/h4><span class=\"menu-price\"><\/span><div class=\"menu-dots\"><\/div><div class=\"menu-text\"><\/div><\/div><div class=\"wow fadeInLeft\" data-wow-delay=\"0ms\"><h4>3. Citronnelle<\/h4><span class=\"menu-price\"><\/span><div class=\"menu-dots\"><\/div><div class=\"menu-text\"><\/div><\/div><\/div><\/div>[\/vc_column][vc_column width=&#8221;1\/2&#8243;]<div class=\"addon-classic-menu \"><div class=\"addon-classic-content\"><div class=\"wow fadeInLeft\" data-wow-delay=\"0ms\"><h4>4. Ratatouille revisit\u00e9e fa\u00e7on tha\u00ef<\/h4><span class=\"menu-price\"><\/span><div class=\"menu-dots\"><\/div><div class=\"menu-text\"><\/div><\/div><div class=\"wow fadeInLeft\" data-wow-delay=\"0ms\"><h4>5. Po\u00eal\u00e9 de l\u00e9gumes croquants de saison<\/h4><span class=\"menu-price\"><\/span><div class=\"menu-dots\"><\/div><div class=\"menu-text\"><\/div><\/div><\/div><\/div>[\/vc_column][\/vc_row][vc_row][vc_column][vc_column_text]<\/p>\n<h2>Les desserts<\/h2>\n<p>[\/vc_column_text][\/vc_column][\/vc_row][vc_row][vc_column width=&#8221;1\/2&#8243;]<div class=\"addon-classic-menu \"><div class=\"addon-classic-content\"><div class=\"wow fadeInLeft\" data-wow-delay=\"0ms\"><h4>1. Fondant au Chocolat<\/h4><span class=\"menu-price\">5\u20ac<\/span><div class=\"menu-dots\"><\/div><div class=\"menu-text\"><\/div><\/div><div class=\"wow fadeInLeft\" data-wow-delay=\"0ms\"><h4>2. Cr\u00eapes chocolat-banane<\/h4><span class=\"menu-price\">3,50\u20ac<\/span><div class=\"menu-dots\"><\/div><div class=\"menu-text\"><\/div><\/div><\/div><\/div>[\/vc_column][vc_column width=&#8221;1\/2&#8243;]<div class=\"addon-classic-menu \"><div class=\"addon-classic-content\"><div class=\"wow fadeInLeft\" data-wow-delay=\"0ms\"><h4>3. Muffin<\/h4><span class=\"menu-price\">4.50\u20ac<\/span><div class=\"menu-dots\"><\/div><div class=\"menu-text\"><\/div><\/div><\/div><\/div>[\/vc_column][\/vc_row][vc_row][vc_column][vc_column_text]<\/p>\n<h2>Les boissons<\/h2>\n<p>[\/vc_column_text][\/vc_column][\/vc_row][vc_row][vc_column width=&#8221;1\/2&#8243;]<div class=\"addon-classic-menu \"><div class=\"addon-classic-content\"><div class=\"wow fadeInLeft\" data-wow-delay=\"0ms\"><h4>1. Ice tea<\/h4><span class=\"menu-price\">1,50\u20ac<\/span><div class=\"menu-dots\"><\/div><div class=\"menu-text\"><\/div><\/div><div class=\"wow fadeInLeft\" data-wow-delay=\"0ms\"><h4>2. Coca Cola<\/h4><span class=\"menu-price\">1,50\u20ac<\/span><div class=\"menu-dots\"><\/div><div class=\"menu-text\"><\/div><\/div><\/div><\/div>[\/vc_column][vc_column width=&#8221;1\/2&#8243;]<div class=\"addon-classic-menu \"><div class=\"addon-classic-content\"><div class=\"wow fadeInLeft\" data-wow-delay=\"0ms\"><h4>3. Orangina<\/h4><span class=\"menu-price\">1,50\u20ac<\/span><div class=\"menu-dots\"><\/div><div class=\"menu-text\"><\/div><\/div><div class=\"wow fadeInLeft\" data-wow-delay=\"0ms\"><h4>4. Bouteille d\u2019eau 50cl<\/h4><span class=\"menu-price\">1,50\u20ac<\/span><div class=\"menu-dots\"><\/div><div class=\"menu-text\"><\/div><\/div><\/div><\/div>[\/vc_column][\/vc_row][\/vc_section]<\/p>\n","protected":false},"excerpt":{"rendered":"<p>[vc_row css=&#8221;.vc_custom_1589154257311{margin-top: -70px !important;}&#8221;][vc_column css=&#8221;.vc_custom_1589154234067{margin-bottom: -100px !important;}&#8221;][vc_column_text css_animation=&#8221;none&#8221;]D\u00e9couvrez nos menus de livraisons ! Nos produits sont frais, locaux et fran\u00e7ais !\u00a0 Seulement du Lundi au Vendredi. Contactez nous au 06 79 06 69 99 afin de commander ! Nos menus [\/vc_column_text][vc_tta_pageable][vc_tta_section title=&#8221;Section 2&#8243; tab_id=&#8221;1589153799012-df8e34f4-f632&#8243;][\/vc_tta_section][\/vc_tta_pageable][\/vc_column][\/vc_row][vc_section css=&#8221;.vc_custom_1589154425674{margin-top: -200px !important;}&#8221;][\/vc_section][vc_section][vc_row][vc_column width=&#8221;1\/2&#8243;][\/vc_column][vc_column width=&#8221;1\/2&#8243;][\/vc_column][\/vc_row][vc_row][vc_column][vc_column_text] Un ou deux accompagnements \u00e0 choisir [&hellip;]<\/p>\n","protected":false},"author":1,"featured_media":0,"parent":0,"menu_order":0,"comment_status":"closed","ping_status":"closed","template":"","meta":{"footnotes":""},"yoast_head":"<!-- This site is optimized with the Yoast SEO plugin v17.4 - https:\/\/yoast.com\/wordpress\/plugins\/seo\/ -->\n<title>Livraison - L&#039;Art Des Sens - Traiteur<\/title>\n<meta name=\"description\" content=\"Du Lundi au Vendredi au 06.79.06.69.99 ! D\u00e9couvrez les menus que nous pouvons livrer directement chez vous ! Paiement en esp\u00e8ces ou ch\u00e8ques\" \/>\n<meta name=\"robots\" content=\"index, follow, max-snippet:-1, max-image-preview:large, max-video-preview:-1\" \/>\n<link rel=\"canonical\" href=\"https:\/\/lartdsens-traiteur.com\/index.php\/livraison\/\" \/>\n<meta property=\"og:locale\" content=\"fr_FR\" \/>\n<meta property=\"og:type\" content=\"article\" \/>\n<meta property=\"og:title\" content=\"Livraison - L&#039;Art Des Sens - Traiteur\" \/>\n<meta property=\"og:description\" content=\"Du Lundi au Vendredi au 06.79.06.69.99 ! D\u00e9couvrez les menus que nous pouvons livrer directement chez vous ! Paiement en esp\u00e8ces ou ch\u00e8ques\" \/>\n<meta property=\"og:url\" content=\"https:\/\/lartdsens-traiteur.com\/index.php\/livraison\/\" \/>\n<meta property=\"og:site_name\" content=\"L&#039;Art Des Sens - Traiteur\" \/>\n<meta property=\"article:modified_time\" content=\"2020-05-11T00:13:45+00:00\" \/>\n<meta name=\"twitter:card\" content=\"summary\" \/>\n<meta name=\"twitter:label1\" content=\"Dur\u00e9e de lecture est.\" \/>\n\t<meta name=\"twitter:data1\" content=\"2 minutes\" \/>\n<script type=\"application\/ld+json\" class=\"yoast-schema-graph\">{\"@context\":\"https:\/\/schema.org\",\"@graph\":[{\"@type\":\"WebSite\",\"@id\":\"https:\/\/lartdsens-traiteur.com\/#website\",\"url\":\"https:\/\/lartdsens-traiteur.com\/\",\"name\":\"L&#039;Art Des Sens - Traiteur\",\"description\":\"Traiteur sur Marseille, Aix en Provence et toute la r\\u00e9gion PACA\",\"potentialAction\":[{\"@type\":\"SearchAction\",\"target\":{\"@type\":\"EntryPoint\",\"urlTemplate\":\"https:\/\/lartdsens-traiteur.com\/?s={search_term_string}\"},\"query-input\":\"required name=search_term_string\"}],\"inLanguage\":\"fr-FR\"},{\"@type\":\"WebPage\",\"@id\":\"https:\/\/lartdsens-traiteur.com\/index.php\/livraison\/#webpage\",\"url\":\"https:\/\/lartdsens-traiteur.com\/index.php\/livraison\/\",\"name\":\"Livraison - L&#039;Art Des Sens - Traiteur\",\"isPartOf\":{\"@id\":\"https:\/\/lartdsens-traiteur.com\/#website\"},\"datePublished\":\"2016-03-30T11:00:13+00:00\",\"dateModified\":\"2020-05-11T00:13:45+00:00\",\"description\":\"Du Lundi au Vendredi au 06.79.06.69.99 ! D\\u00e9couvrez les menus que nous pouvons livrer directement chez vous ! Paiement en esp\\u00e8ces ou ch\\u00e8ques\",\"breadcrumb\":{\"@id\":\"https:\/\/lartdsens-traiteur.com\/index.php\/livraison\/#breadcrumb\"},\"inLanguage\":\"fr-FR\",\"potentialAction\":[{\"@type\":\"ReadAction\",\"target\":[\"https:\/\/lartdsens-traiteur.com\/index.php\/livraison\/\"]}]},{\"@type\":\"BreadcrumbList\",\"@id\":\"https:\/\/lartdsens-traiteur.com\/index.php\/livraison\/#breadcrumb\",\"itemListElement\":[{\"@type\":\"ListItem\",\"position\":1,\"name\":\"Accueil\",\"item\":\"https:\/\/lartdsens-traiteur.com\/\"},{\"@type\":\"ListItem\",\"position\":2,\"name\":\"Livraison\"}]}]}<\/script>\n<!-- \/ Yoast SEO plugin. -->","yoast_head_json":{"title":"Livraison - L&#039;Art Des Sens - Traiteur","description":"Du Lundi au Vendredi au 06.79.06.69.99 ! D\u00e9couvrez les menus que nous pouvons livrer directement chez vous ! Paiement en esp\u00e8ces ou ch\u00e8ques","robots":{"index":"index","follow":"follow","max-snippet":"max-snippet:-1","max-image-preview":"max-image-preview:large","max-video-preview":"max-video-preview:-1"},"canonical":"https:\/\/lartdsens-traiteur.com\/index.php\/livraison\/","og_locale":"fr_FR","og_type":"article","og_title":"Livraison - L&#039;Art Des Sens - Traiteur","og_description":"Du Lundi au Vendredi au 06.79.06.69.99 ! D\u00e9couvrez les menus que nous pouvons livrer directement chez vous ! Paiement en esp\u00e8ces ou ch\u00e8ques","og_url":"https:\/\/lartdsens-traiteur.com\/index.php\/livraison\/","og_site_name":"L&#039;Art Des Sens - Traiteur","article_modified_time":"2020-05-11T00:13:45+00:00","twitter_card":"summary","twitter_misc":{"Dur\u00e9e de lecture est.":"2 minutes"},"schema":{"@context":"https:\/\/schema.org","@graph":[{"@type":"WebSite","@id":"https:\/\/lartdsens-traiteur.com\/#website","url":"https:\/\/lartdsens-traiteur.com\/","name":"L&#039;Art Des Sens - Traiteur","description":"Traiteur sur Marseille, Aix en Provence et toute la r\u00e9gion PACA","potentialAction":[{"@type":"SearchAction","target":{"@type":"EntryPoint","urlTemplate":"https:\/\/lartdsens-traiteur.com\/?s={search_term_string}"},"query-input":"required name=search_term_string"}],"inLanguage":"fr-FR"},{"@type":"WebPage","@id":"https:\/\/lartdsens-traiteur.com\/index.php\/livraison\/#webpage","url":"https:\/\/lartdsens-traiteur.com\/index.php\/livraison\/","name":"Livraison - L&#039;Art Des Sens - Traiteur","isPartOf":{"@id":"https:\/\/lartdsens-traiteur.com\/#website"},"datePublished":"2016-03-30T11:00:13+00:00","dateModified":"2020-05-11T00:13:45+00:00","description":"Du Lundi au Vendredi au 06.79.06.69.99 ! D\u00e9couvrez les menus que nous pouvons livrer directement chez vous ! Paiement en esp\u00e8ces ou ch\u00e8ques","breadcrumb":{"@id":"https:\/\/lartdsens-traiteur.com\/index.php\/livraison\/#breadcrumb"},"inLanguage":"fr-FR","potentialAction":[{"@type":"ReadAction","target":["https:\/\/lartdsens-traiteur.com\/index.php\/livraison\/"]}]},{"@type":"BreadcrumbList","@id":"https:\/\/lartdsens-traiteur.com\/index.php\/livraison\/#breadcrumb","itemListElement":[{"@type":"ListItem","position":1,"name":"Accueil","item":"https:\/\/lartdsens-traiteur.com\/"},{"@type":"ListItem","position":2,"name":"Livraison"}]}]}},"_links":{"self":[{"href":"https:\/\/lartdsens-traiteur.com\/index.php\/wp-json\/wp\/v2\/pages\/709"}],"collection":[{"href":"https:\/\/lartdsens-traiteur.com\/index.php\/wp-json\/wp\/v2\/pages"}],"about":[{"href":"https:\/\/lartdsens-traiteur.com\/index.php\/wp-json\/wp\/v2\/types\/page"}],"author":[{"embeddable":true,"href":"https:\/\/lartdsens-traiteur.com\/index.php\/wp-json\/wp\/v2\/users\/1"}],"replies":[{"embeddable":true,"href":"https:\/\/lartdsens-traiteur.com\/index.php\/wp-json\/wp\/v2\/comments?post=709"}],"version-history":[{"count":62,"href":"https:\/\/lartdsens-traiteur.com\/index.php\/wp-json\/wp\/v2\/pages\/709\/revisions"}],"predecessor-version":[{"id":1845,"href":"https:\/\/lartdsens-traiteur.com\/index.php\/wp-json\/wp\/v2\/pages\/709\/revisions\/1845"}],"wp:attachment":[{"href":"https:\/\/lartdsens-traiteur.com\/index.php\/wp-json\/wp\/v2\/media?parent=709"}],"curies":[{"name":"wp","href":"https:\/\/api.w.org\/{rel}","templated":true}]}}