{"id":434,"date":"2016-03-24T06:39:27","date_gmt":"2016-03-24T05:39:27","guid":{"rendered":"http:\/\/demo.themeum.com\/wordpress\/cuisine\/?page_id=434"},"modified":"2020-07-09T18:56:35","modified_gmt":"2020-07-09T16:56:35","slug":"accueil","status":"publish","type":"page","link":"https:\/\/lartdsens-traiteur.com\/","title":{"rendered":"Accueil"},"content":{"rendered":"<p>[vc_row full_width=&#8221;stretch_row&#8221; css=&#8221;.vc_custom_1468563649526{background-position: center !important;background-repeat: no-repeat !important;background-size: cover !important;}&#8221;][vc_column css=&#8221;.vc_custom_1459494542892{padding-top: 0px !important;}&#8221;][rev_slider_vc alias=&#8221;slider-video&#8221;][\/vc_column][\/vc_row]<\/p>\n<p>[vc_row css=&#8221;.vc_custom_1464168658062{padding-top: 50px !important;padding-bottom: 50px !important;background-position: center !important;background-repeat: no-repeat !important;background-size: cover !important;}&#8221; el_class=&#8221;responsive-pad&#8221;]<\/p>\n<p>[vc_column width=&#8221;7\/12&#8243; css=&#8221;.vc_custom_1459158433493{background-position: center !important;background-repeat: no-repeat !important;background-size: cover !important;}&#8221;][vc_single_image image=&#8221;1705&#8243; img_size=&#8221;large&#8221;]<\/p>\n<p>[vc_empty_space height=&#8221;50px&#8221;]<\/p>\n<div class=\"addon-themeum-title custom-font\" style=\"text-align:left;\"><h2 class=\"style-title\" style=\"font-weight:400;font-size:52px;line-height: normal;color:#dd3333;margin-bottom:0px;\">Le m\u00e9tier de traiteur<\/h2><p class=\"style-intro-text\" style=\"font-size:16px;\">Le m\u00e9tier de traiteur passe ainsi par de multiples savoirs : <\/p><a href=\"#\" class=\"btn-style-title btn btn-transparent\"><\/a><\/div>\n<p>[vc_column_text&#8221;]<\/p>\n<p>Le savoir-\u00eatre : une \u00e9quipe professionnelle est soigneusement choisie pour \u00eatre \u00e0 votre service et r\u00e9pondre \u00e0 vos besoins en temps r\u00e9el.<\/p>\n<p>Le savoir-faire : notre cuisine est r\u00e9alis\u00e9e en s\u00e9lectionnant les meilleurs produits locaux pour allier qualit\u00e9 et go\u00fbt.<\/p>\n<p>Le savoir faire-faire : nos ma\u00eetres d&#8217;h\u00f4tels ont une exp\u00e9rience permettant le bon d\u00e9roulement de votre \u00e9v\u00e9nement.<\/p>\n<p>[\/vc_column_text]<\/p>\n<p>[\/vc_column]<\/p>\n<p>[vc_column width=&#8221;5\/12&#8243;]<\/p>\n<div class=\"addon-themeum-title custom-font\" style=\"text-align:left;\"><h2 class=\"style-title\" style=\"font-weight:400;font-size:52px;line-height: normal;color:#dd3333;margin-bottom:0px;\">Votre traiteur <\/h2><h3 class=\"style-sub-title\" style=\"font-weight:700;font-size:64px;line-height: normal;color:#000000;margin-bottom:20px;\">L&#039;art des sens<\/h3><p class=\"style-intro-text\" style=\"font-size:16px;\">Notre m\u00e9tier coordonne \u00e0 la fois l\u2019art des mets, de la table et de la logistique pour concevoir une r\u00e9ception exceptionnelle.<\/p><a href=\"#\" class=\"btn-style-title btn btn-transparent\"><\/a><\/div>\n<p>[vc_empty_space height=&#8221;50px&#8221;]<\/p>\n<p>[vc_single_image image=&#8221;1707&#8243; img_size=&#8221;large&#8221;]<\/p>\n<div class=\"addon-themeum-title custom-font\" style=\"text-align:left;\"><h2 class=\"style-title\" style=\"font-weight:400;font-size:52px;line-height: normal;color:#dd3333;margin-bottom:0px;\">La qualit\u00e9 avant tout<\/h2><a href=\"#\" class=\"btn-style-title btn btn-transparent\"><\/a><\/div>[vc_column_text]<\/p>\n<p class=\"font_7\">Nous travaillons avec des producteurs locaux\u00a0 pour vous garantir la qualit\u00e9 des mets.<\/p>\n<p class=\"font_7\">Parce que chaque \u00e9v\u00e9nement est unique, nous adaptons nos produits \u00e0 vos envies.<\/p>\n<p class=\"font_7\">Accompagn\u00e9 de notre \u00e9quipe professionnelle, vous cr\u00e9ez un \u00e9v\u00e9nement \u00e0 votre image.<\/p>\n<p>[\/vc_column_text]<\/p>\n<p>[\/vc_column]<\/p>\n<p>[\/vc_row]<\/p>\n<p>[vc_row full_width=&#8221;stretch_row&#8221; css=&#8221;.vc_custom_1464169135392{padding-top: 80px !important;padding-bottom: 150px !important;background-image: url(https:\/\/lartdsens-traiteur.com\/wp-content\/uploads\/2020\/05\/background.png) !important;background-position: center !important;background-repeat: no-repeat !important;background-size: cover !important;}&#8221; el_class=&#8221;fixed-bg responsive-pad&#8221;]<\/p>\n<p>[vc_column width=&#8221;1\/6&#8243;]<\/p>\n<p>[\/vc_column]<\/p>\n<p>[vc_column width=&#8221;2\/3&#8243;]<\/p>\n<div class=\"addons-themeum-features \"><div class=\"themeum-features\" style=\"text-align:center;\"><div class=\"layout-top image\"><img decoding=\"async\" style=\"display:inline-block;\" src=\"https:\/\/lartdsens-traiteur.com\/wp-content\/uploads\/2020\/05\/Untitled-5.png\" class=\"img-responsive\" alt=\"photo\"><\/div><div class=\"themeum-feature-content\"><h2 class=\"feature-title\" style=\"font-weight:700;font-size:24px;line-height: normal;color:#ffffff;margin:15px 0 25px;\">MENUS<\/h2><h3 class=\"feature-sub-title\" style=\"font-weight:400;font-size:16px;line-height: normal;color:#ffffff;margin:0 0 10px 0;\">Nous pouvons vous proposer plusieurs sortes de menus qui pourra satisfaire toutes vos attentes.<\/h3><\/div><\/div><\/div>\n<p>[\/vc_column]<\/p>\n<p>[vc_column width=&#8221;1\/6&#8243;]<\/p>\n<p>[\/vc_column]<\/p>\n<p>[vc_column]<\/p>\n<p>[vc_row_inner css=&#8221;.vc_custom_1464168967986{padding-top: 45px !important;}&#8221;]<\/p>\n<p>[vc_column_inner width=&#8221;1\/4&#8243;]<\/p>\n<div class=\"addons-themeum-features menus-items-hover mariage\"><div class=\"themeum-features\" style=\"text-align:center;\"><div class=\"layout-top image\"><img decoding=\"async\" style=\"display:inline-block;\" src=\"https:\/\/lartdsens-traiteur.com\/wp-content\/uploads\/2020\/05\/icon-4.png\" class=\"img-responsive\" alt=\"photo\"><\/div><div class=\"themeum-feature-content\"><h2 class=\"feature-title\" style=\"font-weight:400;font-size:30px;line-height: normal;color:#ffffff;margin:20px 0 0 0;\">Mariage<\/h2><a class=\"box-btn\" href=\"https:\/\/lartdsens-traiteur.com\/index.php\/menu\/\" target=\"_blank\">En savoir plus?<\/a><\/div><\/div><\/div>\n<p>[\/vc_column_inner]<\/p>\n<p>[vc_column_inner width=&#8221;1\/4&#8243;]<\/p>\n<div class=\"addons-themeum-features menus-items-hover mariage\"><div class=\"themeum-features\" style=\"text-align:center;\"><div class=\"layout-top image\"><img decoding=\"async\" style=\"display:inline-block;\" src=\"https:\/\/lartdsens-traiteur.com\/wp-content\/uploads\/2020\/05\/icon-3.png\" class=\"img-responsive\" alt=\"photo\"><\/div><div class=\"themeum-feature-content\"><h2 class=\"feature-title\" style=\"font-weight:400;font-size:30px;line-height: normal;color:#ffffff;margin:20px 0 0 0 ;\">Brunch<\/h2><a class=\"box-btn\" href=\"https:\/\/lartdsens-traiteur.com\/index.php\/menu\/\" target=\"_blank\">En savoir plus?<\/a><\/div><\/div><\/div>\n<p>[\/vc_column_inner]<\/p>\n<p>[vc_column_inner width=&#8221;1\/4&#8243;]<\/p>\n<div class=\"addons-themeum-features menus-items-hover mariage\"><div class=\"themeum-features\" style=\"text-align:center;\"><div class=\"layout-top image\"><img decoding=\"async\" style=\"display:inline-block;\" src=\"https:\/\/lartdsens-traiteur.com\/wp-content\/uploads\/2020\/05\/icon-2.png\" class=\"img-responsive\" alt=\"photo\"><\/div><div class=\"themeum-feature-content\"><h2 class=\"feature-title\" style=\"font-weight:400;font-size:30px;line-height: normal;color:#ffffff;margin:20px 0 0 0;\">Cocktail<\/h2><a class=\"box-btn\" href=\"https:\/\/lartdsens-traiteur.com\/index.php\/menu\/\" target=\"_blank\">En savoir plus?<\/a><\/div><\/div><\/div>\n<p>[\/vc_column_inner]<\/p>\n<p>[vc_column_inner width=&#8221;1\/4&#8243;]<\/p>\n<div class=\"addons-themeum-features menus-items-hover mariage\"><div class=\"themeum-features\" style=\"text-align:center;\"><div class=\"layout-top image\"><img decoding=\"async\" style=\"display:inline-block;\" src=\"https:\/\/lartdsens-traiteur.com\/wp-content\/uploads\/2020\/05\/icon-1.png\" class=\"img-responsive\" alt=\"photo\"><\/div><div class=\"themeum-feature-content\"><h2 class=\"feature-title\" style=\"font-weight:400;font-size:30px;line-height: normal;color:#ffffff;margin:20px 0 0 0;\">Traiteur<\/h2><a class=\"box-btn\" href=\"https:\/\/lartdsens-traiteur.com\/index.php\/contact\/\" target=\"_blank\">En savoir plus?<\/a><\/div><\/div><\/div>[\/vc_column_inner]<\/p>\n<p>[\/vc_row_inner]<\/p>\n<p>[\/vc_column]<\/p>\n<p>[\/vc_row]<\/p>\n<p>[vc_row css=&#8221;.vc_custom_1468563678109{padding-top: 0px !important;padding-bottom: 0px !important;}&#8221; el_class=&#8221;overlay-hidden&#8221;]<\/p>\n<p>[vc_column css=&#8221;.vc_custom_1458550585838{padding-top: 0px !important;padding-bottom: 0px !important;}&#8221;]<\/p>\n<div class=\"addon-special-dishes fffffff\"><div class=\"special-dish-content container\"><div class=\"row no-gutter\"><div class=\"col-sm-12 col-md-4\"><div class=\"special-dish-content-inner\"><h2 class=\"special-dish-title\">Nos sp\u00e9cialit\u00e9s<\/h2><h3 class=\"special-dish-sub-title\">Cuisine<\/h3><\/div><\/div>\n<div class=\"col-sm-6 col-md-4\"><div class=\"special-dish-content-wrapper\"><img decoding=\"async\" class=\"dish-image\" src=\"https:\/\/lartdsens-traiteur.com\/wp-content\/uploads\/2020\/05\/plateau-1.jpg\" alt=\"Plateau Sandwich\"><div class=\"content-headings\"><h2 class=\"leading\">Plateau Sandwich<\/h2><h3 class=\"dish-title\">Plateau Sandwich<\/h3><\/div><\/div><\/div>\n<div class=\"col-sm-6 col-md-4\"><div class=\"special-dish-content-wrapper\"><a href=\"#\" target=\"_blank\"><img decoding=\"async\" class=\"dish-image\" src=\"https:\/\/lartdsens-traiteur.com\/wp-content\/uploads\/2020\/05\/buffet.jpg\" alt=\"Buffet\"><\/a><div class=\"content-headings\"><h2 class=\"leading\">Buffet<\/h2><h3 class=\"dish-title\">Buffet<\/h3><\/div><\/div><\/div>\n<div class=\"col-sm-6 col-md-4\"><div class=\"special-dish-content-wrapper\"><img decoding=\"async\" class=\"dish-image\" src=\"https:\/\/lartdsens-traiteur.com\/wp-content\/uploads\/2020\/05\/jambon.jpg\" alt=\"Jambons\"><div class=\"content-headings\"><h2 class=\"leading\">Jambons<\/h2><h3 class=\"dish-title\">Jambons<\/h3><\/div><\/div><\/div>\n<div class=\"col-sm-6 col-md-4\"><div class=\"special-dish-content-wrapper\"><img decoding=\"async\" class=\"dish-image\" src=\"https:\/\/lartdsens-traiteur.com\/wp-content\/uploads\/2020\/05\/buffet-2.jpg\" alt=\"Canap\u00e9\"><div class=\"content-headings\"><h2 class=\"leading\">Canap\u00e9<\/h2><h3 class=\"dish-title\">Canap\u00e9<\/h3><\/div><\/div><\/div>\n<div class=\"col-sm-6 col-md-4\"><div class=\"special-dish-content-wrapper\"><img decoding=\"async\" class=\"dish-image\" src=\"https:\/\/lartdsens-traiteur.com\/wp-content\/uploads\/2020\/05\/469-1.jpg\" alt=\"Sushis\"><div class=\"content-headings\"><h2 class=\"leading\">Sushis<\/h2><h3 class=\"dish-title\">Sushis<\/h3><\/div><\/div><\/div>\n<div class=\"col-sm-6 col-md-4\"><div class=\"special-dish-content-wrapper\"><img decoding=\"async\" class=\"dish-image\" src=\"https:\/\/lartdsens-traiteur.com\/wp-content\/uploads\/2020\/05\/DECOUPE-TOMATE-MOZZA.jpg\" alt=\"Tomate Mozza\"><div class=\"content-headings\"><h2 class=\"leading\">Tomate Mozza<\/h2><h3 class=\"dish-title\">Tomate Mozza<\/h3><\/div><\/div><\/div>\n<div class=\"col-sm-6 col-md-4\"><div class=\"special-dish-content-wrapper\"><img decoding=\"async\" class=\"dish-image\" src=\"https:\/\/lartdsens-traiteur.com\/wp-content\/uploads\/2020\/05\/cocktail-plateau.jpg\" alt=\"Plateau\"><div class=\"content-headings\"><h2 class=\"leading\">Plateau<\/h2><h3 class=\"dish-title\">Assortiments<\/h3><\/div><\/div><\/div>\n<div class=\"col-sm-6 col-md-4\"><div class=\"special-dish-content-wrapper\"><a href=\"#\" target=\"_blank\"><img decoding=\"async\" class=\"dish-image\" src=\"https:\/\/lartdsens-traiteur.com\/wp-content\/uploads\/2020\/05\/extraaa.jpg\" alt=\"Petits extras\"><\/a><div class=\"content-headings\"><h2 class=\"leading\">Petits extras<\/h2><h3 class=\"dish-title\">Extras<\/h3><\/div><\/div><\/div>\n<p><\/div><\/div><\/div>\n<p>[\/vc_column]<\/p>\n<p>[\/vc_row]<\/p>\n<p>[vc_row full_width=&#8221;stretch_row&#8221; css=&#8221;.vc_custom_1464169001100{padding-top: 100px !important;padding-bottom: 100px !important;background-image: url(https:\/\/lartdsens-traiteur.com\/wp-content\/uploads\/2016\/03\/book-table-bg.jpg?id=378) !important;background-position: center !important;background-repeat: no-repeat !important;background-size: cover !important;}&#8221; el_class=&#8221;fixed-bg responsive-pad&#8221;][vc_column width=&#8221;5\/12&#8243;]<div class=\"addon-themeum-title custom-font\" style=\"text-align:left;\"><h2 class=\"style-title\" style=\"font-weight:400;font-size:72px;line-height: normal;color:#dd3333;margin-bottom:0px;\">L&#039;art des sens<\/h2><h3 class=\"style-sub-title\" style=\"font-weight:400;font-size:60px;line-height: normal;color:#000000;margin-bottom:30px;\">06 79 06 69 99<\/h3><p class=\"style-intro-text\" style=\"font-size:14px;color:#000000;margin-bottom:25px;\">Nous intervenons en r\u00e9gion Provence-Alpes-C\u00f4te d&#039;Azur pour vos \u00e9v\u00e9nements : petit d\u00e9jeuner, pause rafraichissement, cocktail d\u00e9jeunatoire etc...<\/p><\/div><div class=\"addons-themeum-features \"><div class=\"themeum-features media\" style=\"text-align:left;\"><div class=\"pull-left layout-left image\"><img decoding=\"async\" style=\"display:inline-block;\" src=\"https:\/\/lartdsens-traiteur.com\/wp-content\/uploads\/2016\/03\/clock.png\" class=\"img-responsive\" alt=\"photo\"><\/div><div class=\"media-body themeum-feature-content\"><h2 class=\"feature-title\" style=\"font-weight:400;font-size:20px;line-height: normal;color:#000000;margin:0 0 10px 0;\">Du lundi au vendredi<\/h2><h3 class=\"feature-sub-title\" style=\"font-weight:400;font-size:16px;line-height: normal;color:#000000;margin:0 0 10px 0;\">de 8h \u00e0 22h<\/h3><\/div><\/div><\/div>[vc_empty_space css=&#8221;.vc_custom_1459244160997{margin-top: 55px !important;}&#8221;]<div class=\"addons-themeum-features \"><div class=\"themeum-features media\" style=\"text-align:left;\"><div class=\"pull-left layout-left image\"><img decoding=\"async\" style=\"display:inline-block;\" src=\"https:\/\/lartdsens-traiteur.com\/wp-content\/uploads\/2016\/03\/icon-button1.png\" class=\"img-responsive\" alt=\"photo\"><\/div><div class=\"media-body themeum-feature-content\"><h2 class=\"feature-title\" style=\"font-weight:400;font-size:20px;line-height: normal;color:#000000;margin:0 0 10px 0;\">O\u00f9 nous trouver?<\/h2><h3 class=\"feature-sub-title\" style=\"font-weight:400;font-size:16px;line-height: normal;color:#000000;margin:0 0 10px 0;\">120, impasse du ch\u00e2teau royal 13400 Aubagne<\/h3><\/div><\/div><\/div>[\/vc_column][vc_column width=&#8221;7\/12&#8243;][vc_empty_space height=&#8221;50px&#8221;][vc_single_image image=&#8221;1717&#8243; img_size=&#8221;large&#8221; style=&#8221;vc_box_shadow&#8221;][\/vc_column][\/vc_row][vc_section][vc_row][vc_column][vc_gmaps link=&#8221;#E-8_JTNDaWZyYW1lJTIwc3JjJTNEJTIyaHR0cHMlM0ElMkYlMkZ3d3cuZ29vZ2xlLmNvbSUyRm1hcHMlMkZlbWJlZCUzRnBiJTNEJTIxMW0xOCUyMTFtMTIlMjExbTMlMjExZDI5MDQuMDA5Nzg0Mjg4NTQ4NCUyMTJkNS41NzU0NzczMTU3OTUxNzQlMjEzZDQzLjI5MzExNjc4MzY1NzU2JTIxMm0zJTIxMWYwJTIxMmYwJTIxM2YwJTIxM20yJTIxMWkxMDI0JTIxMmk3NjglMjE0ZjEzLjElMjEzbTMlMjExbTIlMjExczB4MTJjOWEzM2VkMmE5YWIyOSUyNTNBMHg1M2NjZDVlZWUwN2Y0MjJhJTIxMnMxMjAlMkJJbXBhc3NlJTJCZHUlMkJDaCUyNUMzJTI1QTJ0ZWF1JTI1MkMlMkIxMzQwMCUyQkF1YmFnbmUlMjE1ZTAlMjEzbTIlMjExc2ZyJTIxMnNmciUyMTR2MTQ3OTkxOTc2MjY5MCUyMiUyMHdpZHRoJTNEJTIyNjAwJTIyJTIwaGVpZ2h0JTNEJTIyNDUwJTIyJTIwZnJhbWVib3JkZXIlM0QlMjIwJTIyJTIwc3R5bGUlM0QlMjJib3JkZXIlM0EwJTIyJTIwYWxsb3dmdWxsc2NyZWVuJTNFJTNDJTJGaWZyYW1lJTNF&#8221; css_animation=&#8221;fadeIn&#8221;][\/vc_column][\/vc_row][\/vc_section][vc_section][vc_row][vc_column]<div class=\"addon-themeum-title \" style=\"text-align:center;\"><h2 class=\"style-title\" style=\"font-weight:400;font-size:72px;line-height: normal;color:#dd3333;margin-bottom:15px;\">Les news du traiteur...<\/h2><\/div>[vc_masonry_grid post_type=&#8221;post&#8221; max_items=&#8221;5&#8243; style=&#8221;load-more&#8221; btn_color=&#8221;default&#8221; grid_id=&#8221;vc_gid:1582026135815-5660ec07-76e7-4&#8243;][\/vc_column][\/vc_row][\/vc_section]<\/p>\n\n\n<p><\/p>\n","protected":false},"excerpt":{"rendered":"<p>[vc_row full_width=&#8221;stretch_row&#8221; css=&#8221;.vc_custom_1468563649526{background-position: center !important;background-repeat: no-repeat !important;background-size: cover !important;}&#8221;][vc_column css=&#8221;.vc_custom_1459494542892{padding-top: 0px !important;}&#8221;][rev_slider_vc alias=&#8221;slider-video&#8221;][\/vc_column][\/vc_row] [vc_row css=&#8221;.vc_custom_1464168658062{padding-top: 50px !important;padding-bottom: 50px !important;background-position: center !important;background-repeat: no-repeat !important;background-size: cover !important;}&#8221; el_class=&#8221;responsive-pad&#8221;] [vc_column width=&#8221;7\/12&#8243; css=&#8221;.vc_custom_1459158433493{background-position: center !important;background-repeat: no-repeat !important;background-size: cover !important;}&#8221;][vc_single_image image=&#8221;1705&#8243; img_size=&#8221;large&#8221;] [vc_empty_space height=&#8221;50px&#8221;] [vc_column_text&#8221;] Le savoir-\u00eatre : une \u00e9quipe professionnelle est soigneusement choisie pour \u00eatre \u00e0 votre service et [&hellip;]<\/p>\n","protected":false},"author":1,"featured_media":0,"parent":0,"menu_order":0,"comment_status":"closed","ping_status":"closed","template":"homepage.php","meta":{"footnotes":""},"yoast_head":"<!-- This site is optimized with the Yoast SEO plugin v17.4 - https:\/\/yoast.com\/wordpress\/plugins\/seo\/ -->\n<title>L&#039;art des sens - Traiteur pros et particuliers - Marseille, Aubagne, PACA<\/title>\n<meta name=\"description\" content=\"Traiteur intervenant en r\u00e9gion PACA pour vos \u00e9v\u00e9nements professionnels et personnels : petit d\u00e9jeuner, pause rafraichissement, cocktail d\u00e9jeunatoire...\" \/>\n<meta name=\"robots\" content=\"index, follow, max-snippet:-1, max-image-preview:large, max-video-preview:-1\" \/>\n<link rel=\"canonical\" href=\"https:\/\/lartdsens-traiteur.com\/\" \/>\n<meta property=\"og:locale\" content=\"fr_FR\" \/>\n<meta property=\"og:type\" content=\"article\" \/>\n<meta property=\"og:title\" content=\"L&#039;art des sens - Traiteur pros et particuliers - Marseille, Aubagne, PACA\" \/>\n<meta property=\"og:description\" content=\"Traiteur intervenant en r\u00e9gion PACA pour vos \u00e9v\u00e9nements professionnels et personnels : petit d\u00e9jeuner, pause rafraichissement, cocktail d\u00e9jeunatoire...\" \/>\n<meta property=\"og:url\" content=\"https:\/\/lartdsens-traiteur.com\/\" \/>\n<meta property=\"og:site_name\" content=\"L&#039;Art Des Sens - Traiteur\" \/>\n<meta property=\"article:modified_time\" content=\"2020-07-09T16:56:35+00:00\" \/>\n<meta name=\"twitter:card\" content=\"summary\" \/>\n<meta name=\"twitter:label1\" content=\"Dur\u00e9e de lecture est.\" \/>\n\t<meta name=\"twitter:data1\" content=\"6 minutes\" \/>\n<script type=\"application\/ld+json\" class=\"yoast-schema-graph\">{\"@context\":\"https:\/\/schema.org\",\"@graph\":[{\"@type\":\"WebSite\",\"@id\":\"https:\/\/lartdsens-traiteur.com\/#website\",\"url\":\"https:\/\/lartdsens-traiteur.com\/\",\"name\":\"L&#039;Art Des Sens - Traiteur\",\"description\":\"Traiteur sur Marseille, Aix en Provence et toute la r\\u00e9gion PACA\",\"potentialAction\":[{\"@type\":\"SearchAction\",\"target\":{\"@type\":\"EntryPoint\",\"urlTemplate\":\"https:\/\/lartdsens-traiteur.com\/?s={search_term_string}\"},\"query-input\":\"required name=search_term_string\"}],\"inLanguage\":\"fr-FR\"},{\"@type\":\"WebPage\",\"@id\":\"https:\/\/lartdsens-traiteur.com\/#webpage\",\"url\":\"https:\/\/lartdsens-traiteur.com\/\",\"name\":\"L'art des sens - Traiteur pros et particuliers - Marseille, Aubagne, PACA\",\"isPartOf\":{\"@id\":\"https:\/\/lartdsens-traiteur.com\/#website\"},\"datePublished\":\"2016-03-24T05:39:27+00:00\",\"dateModified\":\"2020-07-09T16:56:35+00:00\",\"description\":\"Traiteur intervenant en r\\u00e9gion PACA pour vos \\u00e9v\\u00e9nements professionnels et personnels : petit d\\u00e9jeuner, pause rafraichissement, cocktail d\\u00e9jeunatoire...\",\"breadcrumb\":{\"@id\":\"https:\/\/lartdsens-traiteur.com\/#breadcrumb\"},\"inLanguage\":\"fr-FR\",\"potentialAction\":[{\"@type\":\"ReadAction\",\"target\":[\"https:\/\/lartdsens-traiteur.com\/\"]}]},{\"@type\":\"BreadcrumbList\",\"@id\":\"https:\/\/lartdsens-traiteur.com\/#breadcrumb\",\"itemListElement\":[{\"@type\":\"ListItem\",\"position\":1,\"name\":\"Accueil\",\"item\":\"https:\/\/lartdsens-traiteur.com\/\"},{\"@type\":\"ListItem\",\"position\":2,\"name\":\"Accueil\"}]}]}<\/script>\n<!-- \/ Yoast SEO plugin. -->","yoast_head_json":{"title":"L'art des sens - Traiteur pros et particuliers - Marseille, Aubagne, PACA","description":"Traiteur intervenant en r\u00e9gion PACA pour vos \u00e9v\u00e9nements professionnels et personnels : petit d\u00e9jeuner, pause rafraichissement, cocktail d\u00e9jeunatoire...","robots":{"index":"index","follow":"follow","max-snippet":"max-snippet:-1","max-image-preview":"max-image-preview:large","max-video-preview":"max-video-preview:-1"},"canonical":"https:\/\/lartdsens-traiteur.com\/","og_locale":"fr_FR","og_type":"article","og_title":"L'art des sens - Traiteur pros et particuliers - Marseille, Aubagne, PACA","og_description":"Traiteur intervenant en r\u00e9gion PACA pour vos \u00e9v\u00e9nements professionnels et personnels : petit d\u00e9jeuner, pause rafraichissement, cocktail d\u00e9jeunatoire...","og_url":"https:\/\/lartdsens-traiteur.com\/","og_site_name":"L&#039;Art Des Sens - Traiteur","article_modified_time":"2020-07-09T16:56:35+00:00","twitter_card":"summary","twitter_misc":{"Dur\u00e9e de lecture est.":"6 minutes"},"schema":{"@context":"https:\/\/schema.org","@graph":[{"@type":"WebSite","@id":"https:\/\/lartdsens-traiteur.com\/#website","url":"https:\/\/lartdsens-traiteur.com\/","name":"L&#039;Art Des Sens - Traiteur","description":"Traiteur sur Marseille, Aix en Provence et toute la r\u00e9gion PACA","potentialAction":[{"@type":"SearchAction","target":{"@type":"EntryPoint","urlTemplate":"https:\/\/lartdsens-traiteur.com\/?s={search_term_string}"},"query-input":"required name=search_term_string"}],"inLanguage":"fr-FR"},{"@type":"WebPage","@id":"https:\/\/lartdsens-traiteur.com\/#webpage","url":"https:\/\/lartdsens-traiteur.com\/","name":"L'art des sens - Traiteur pros et particuliers - Marseille, Aubagne, PACA","isPartOf":{"@id":"https:\/\/lartdsens-traiteur.com\/#website"},"datePublished":"2016-03-24T05:39:27+00:00","dateModified":"2020-07-09T16:56:35+00:00","description":"Traiteur intervenant en r\u00e9gion PACA pour vos \u00e9v\u00e9nements professionnels et personnels : petit d\u00e9jeuner, pause rafraichissement, cocktail d\u00e9jeunatoire...","breadcrumb":{"@id":"https:\/\/lartdsens-traiteur.com\/#breadcrumb"},"inLanguage":"fr-FR","potentialAction":[{"@type":"ReadAction","target":["https:\/\/lartdsens-traiteur.com\/"]}]},{"@type":"BreadcrumbList","@id":"https:\/\/lartdsens-traiteur.com\/#breadcrumb","itemListElement":[{"@type":"ListItem","position":1,"name":"Accueil","item":"https:\/\/lartdsens-traiteur.com\/"},{"@type":"ListItem","position":2,"name":"Accueil"}]}]}},"_links":{"self":[{"href":"https:\/\/lartdsens-traiteur.com\/index.php\/wp-json\/wp\/v2\/pages\/434"}],"collection":[{"href":"https:\/\/lartdsens-traiteur.com\/index.php\/wp-json\/wp\/v2\/pages"}],"about":[{"href":"https:\/\/lartdsens-traiteur.com\/index.php\/wp-json\/wp\/v2\/types\/page"}],"author":[{"embeddable":true,"href":"https:\/\/lartdsens-traiteur.com\/index.php\/wp-json\/wp\/v2\/users\/1"}],"replies":[{"embeddable":true,"href":"https:\/\/lartdsens-traiteur.com\/index.php\/wp-json\/wp\/v2\/comments?post=434"}],"version-history":[{"count":100,"href":"https:\/\/lartdsens-traiteur.com\/index.php\/wp-json\/wp\/v2\/pages\/434\/revisions"}],"predecessor-version":[{"id":1939,"href":"https:\/\/lartdsens-traiteur.com\/index.php\/wp-json\/wp\/v2\/pages\/434\/revisions\/1939"}],"wp:attachment":[{"href":"https:\/\/lartdsens-traiteur.com\/index.php\/wp-json\/wp\/v2\/media?parent=434"}],"curies":[{"name":"wp","href":"https:\/\/api.w.org\/{rel}","templated":true}]}}