{"id":364,"date":"2016-03-23T06:46:32","date_gmt":"2016-03-23T06:46:32","guid":{"rendered":"http:\/\/demo.themeum.com\/wordpress\/cuisine\/?page_id=364"},"modified":"2020-11-30T18:00:49","modified_gmt":"2020-11-30T17:00:49","slug":"contact","status":"publish","type":"page","link":"https:\/\/lartdsens-traiteur.com\/index.php\/contact\/","title":{"rendered":"Contact"},"content":{"rendered":"<p>[vc_row][vc_column][vc_gmaps link=&#8221;#E-8_JTNDaWZyYW1lJTIwc3JjJTNEJTIyaHR0cHMlM0ElMkYlMkZ3d3cuZ29vZ2xlLmNvbSUyRm1hcHMlMkZlbWJlZCUzRnBiJTNEJTIxMW0xOCUyMTFtMTIlMjExbTMlMjExZDI5MDQuMDA5Nzg0Mjg4NTQ4NCUyMTJkNS41NzU0NzczMTU3OTUxODclMjEzZDQzLjI5MzExNjc4MzY1NzU2JTIxMm0zJTIxMWYwJTIxMmYwJTIxM2YwJTIxM20yJTIxMWkxMDI0JTIxMmk3NjglMjE0ZjEzLjElMjEzbTMlMjExbTIlMjExczB4MTJjOWEzM2VkMmE5YWIyOSUyNTNBMHg1M2NjZDVlZWUwN2Y0MjJhJTIxMnMxMjAlMkJJbXBhc3NlJTJCZHUlMkJDaCUyNUMzJTI1QTJ0ZWF1JTI1MkMlMkIxMzQwMCUyQkF1YmFnbmUlMjE1ZTAlMjEzbTIlMjExc2ZyJTIxMnNmciUyMTR2MTQ4MDQzNTgxNzYxNSUyMiUyMHdpZHRoJTNEJTIyNjAwJTIyJTIwaGVpZ2h0JTNEJTIyNDUwJTIyJTIwZnJhbWVib3JkZXIlM0QlMjIwJTIyJTIwc3R5bGUlM0QlMjJib3JkZXIlM0EwJTIyJTIwYWxsb3dmdWxsc2NyZWVuJTNFJTNDJTJGaWZyYW1lJTNF&#8221;][\/vc_column][\/vc_row][vc_row css=&#8221;.vc_custom_1458813809876{padding-bottom: 100px !important;}&#8221;][vc_column width=&#8221;7\/12&#8243;]<div class=\"addon-themeum-title \" style=\"text-align:left;\"><h3 class=\"style-sub-title\" style=\"font-weight:500;font-size:24px;line-height: normal;color:#000000;margin-bottom:15px;\">Contactez nous<\/h3><\/div><div role=\"form\" class=\"wpcf7\" id=\"wpcf7-f1515-o1\" lang=\"fr-FR\" dir=\"ltr\">\n<div class=\"screen-reader-response\"><p role=\"status\" aria-live=\"polite\" aria-atomic=\"true\"><\/p> <ul><\/ul><\/div>\n<form action=\"\/index.php\/wp-json\/wp\/v2\/pages\/364#wpcf7-f1515-o1\" method=\"post\" class=\"wpcf7-form init\" novalidate=\"novalidate\" data-status=\"init\">\n<div style=\"display: none;\">\n<input type=\"hidden\" name=\"_wpcf7\" value=\"1515\" \/>\n<input type=\"hidden\" name=\"_wpcf7_version\" value=\"5.5.2\" \/>\n<input type=\"hidden\" name=\"_wpcf7_locale\" value=\"fr_FR\" \/>\n<input type=\"hidden\" name=\"_wpcf7_unit_tag\" value=\"wpcf7-f1515-o1\" \/>\n<input type=\"hidden\" name=\"_wpcf7_container_post\" value=\"0\" \/>\n<input type=\"hidden\" name=\"_wpcf7_posted_data_hash\" value=\"\" \/>\n<input type=\"hidden\" name=\"_wpcf7_recaptcha_response\" value=\"\" \/>\n<\/div>\n<div class=\"row\">\n<div class=\"col-sm-6\"><span class=\"wpcf7-form-control-wrap customer-name\"><input type=\"text\" name=\"customer-name\" value=\"\" size=\"40\" class=\"wpcf7-form-control wpcf7-text wpcf7-validates-as-required\" aria-required=\"true\" aria-invalid=\"false\" placeholder=\"Nom\" \/><\/span><\/div>\n<div class=\"col-sm-6\"><span class=\"wpcf7-form-control-wrap customer-email\"><input type=\"email\" name=\"customer-email\" value=\"\" size=\"40\" class=\"wpcf7-form-control wpcf7-text wpcf7-email wpcf7-validates-as-required wpcf7-validates-as-email\" aria-required=\"true\" aria-invalid=\"false\" placeholder=\"Email\" \/><\/span><\/div>\n<div class=\"col-sm-6\"><span class=\"wpcf7-form-control-wrap customer-subject\"><input type=\"text\" name=\"customer-subject\" value=\"\" size=\"40\" class=\"wpcf7-form-control wpcf7-text\" aria-invalid=\"false\" placeholder=\"Sujet\" \/><\/span><\/div>\n<div class=\"col-sm-6\"><span class=\"wpcf7-form-control-wrap customer-phone\"><input type=\"text\" name=\"customer-phone\" value=\"\" size=\"40\" class=\"wpcf7-form-control wpcf7-text wpcf7-validates-as-required\" aria-required=\"true\" aria-invalid=\"false\" placeholder=\"T\u00e9l\" \/><\/span><\/div>\n<div class=\"col-sm-12\"><span class=\"wpcf7-form-control-wrap customer-message\"><textarea name=\"customer-message\" cols=\"40\" rows=\"10\" class=\"wpcf7-form-control wpcf7-textarea\" aria-invalid=\"false\" placeholder=\"Message\"><\/textarea><\/span><\/div>\n<div class=\"col-sm-12\"><input type=\"submit\" value=\"Envoyez\" class=\"wpcf7-form-control has-spinner wpcf7-submit\" \/><\/div>\n<\/div>\n<div class=\"wpcf7-response-output\" aria-hidden=\"true\"><\/div><\/form><\/div>[\/vc_column][vc_column width=&#8221;5\/12&#8243; css=&#8221;.vc_custom_1459773947878{padding-top: 10px !important;}&#8221;]<div class=\"addon-themeum-title \" style=\"text-align:left;\"><h3 class=\"style-sub-title\" style=\"font-weight:500;font-size:24px;line-height: normal;color:#000000;margin-bottom:15px;\">Informations<\/h3><\/div>[vc_column_text]<strong>Adresse<br \/>\n<\/strong>Impasse du ch\u00e2teau, 13 400 Aubagne<\/p>\n<p><strong>Mobile<\/strong><br \/>\n06.79.06.69.99<\/p>\n<p><strong>Email<\/strong><br \/>\n<a class=\"auto-generated-link\" href=\"mailto:lartdsens@hotmail.com\" data-auto-recognition=\"true\" data-content=\"lartdsens@hotmail.com\" data-type=\"mail\">lartdsens@hotmail.com<\/a>[\/vc_column_text][\/vc_column][\/vc_row]<\/p>\n","protected":false},"excerpt":{"rendered":"<p>[vc_row][vc_column][vc_gmaps link=&#8221;#E-8_JTNDaWZyYW1lJTIwc3JjJTNEJTIyaHR0cHMlM0ElMkYlMkZ3d3cuZ29vZ2xlLmNvbSUyRm1hcHMlMkZlbWJlZCUzRnBiJTNEJTIxMW0xOCUyMTFtMTIlMjExbTMlMjExZDI5MDQuMDA5Nzg0Mjg4NTQ4NCUyMTJkNS41NzU0NzczMTU3OTUxODclMjEzZDQzLjI5MzExNjc4MzY1NzU2JTIxMm0zJTIxMWYwJTIxMmYwJTIxM2YwJTIxM20yJTIxMWkxMDI0JTIxMmk3NjglMjE0ZjEzLjElMjEzbTMlMjExbTIlMjExczB4MTJjOWEzM2VkMmE5YWIyOSUyNTNBMHg1M2NjZDVlZWUwN2Y0MjJhJTIxMnMxMjAlMkJJbXBhc3NlJTJCZHUlMkJDaCUyNUMzJTI1QTJ0ZWF1JTI1MkMlMkIxMzQwMCUyQkF1YmFnbmUlMjE1ZTAlMjEzbTIlMjExc2ZyJTIxMnNmciUyMTR2MTQ4MDQzNTgxNzYxNSUyMiUyMHdpZHRoJTNEJTIyNjAwJTIyJTIwaGVpZ2h0JTNEJTIyNDUwJTIyJTIwZnJhbWVib3JkZXIlM0QlMjIwJTIyJTIwc3R5bGUlM0QlMjJib3JkZXIlM0EwJTIyJTIwYWxsb3dmdWxsc2NyZWVuJTNFJTNDJTJGaWZyYW1lJTNF&#8221;][\/vc_column][\/vc_row][vc_row css=&#8221;.vc_custom_1458813809876{padding-bottom: 100px !important;}&#8221;][vc_column width=&#8221;7\/12&#8243;][\/vc_column][vc_column width=&#8221;5\/12&#8243; css=&#8221;.vc_custom_1459773947878{padding-top: 10px !important;}&#8221;][vc_column_text]Adresse Impasse du ch\u00e2teau, 13 400 Aubagne Mobile 06.79.06.69.99 Email lartdsens@hotmail.com[\/vc_column_text][\/vc_column][\/vc_row]<\/p>\n","protected":false},"author":1,"featured_media":0,"parent":0,"menu_order":0,"comment_status":"closed","ping_status":"closed","template":"","meta":{"footnotes":""},"yoast_head":"<!-- This site is optimized with the Yoast SEO plugin v17.4 - https:\/\/yoast.com\/wordpress\/plugins\/seo\/ -->\n<title>Contactez-nous - L&#039;art des Sens, votre traiteur \u00e0 Marseille et r\u00e9gion PACA<\/title>\n<meta name=\"description\" content=\"Gardez le contact avec votre traiteur. Demandez vos devis pour vos \u00e9v\u00e8nements pro, vos mariages, baptemes sur Marseille, Aubagne, Aix, la r\u00e9gion PACA...\" \/>\n<meta name=\"robots\" content=\"index, follow, max-snippet:-1, max-image-preview:large, max-video-preview:-1\" \/>\n<link rel=\"canonical\" href=\"https:\/\/lartdsens-traiteur.com\/index.php\/contact\/\" \/>\n<meta property=\"og:locale\" content=\"fr_FR\" \/>\n<meta property=\"og:type\" content=\"article\" \/>\n<meta property=\"og:title\" content=\"Contactez-nous - L&#039;art des Sens, votre traiteur \u00e0 Marseille et r\u00e9gion PACA\" \/>\n<meta property=\"og:description\" content=\"Gardez le contact avec votre traiteur. Demandez vos devis pour vos \u00e9v\u00e8nements pro, vos mariages, baptemes sur Marseille, Aubagne, Aix, la r\u00e9gion PACA...\" \/>\n<meta property=\"og:url\" content=\"https:\/\/lartdsens-traiteur.com\/index.php\/contact\/\" \/>\n<meta property=\"og:site_name\" content=\"L&#039;Art Des Sens - Traiteur\" \/>\n<meta property=\"article:modified_time\" content=\"2020-11-30T17:00:49+00:00\" \/>\n<meta name=\"twitter:card\" content=\"summary\" \/>\n<meta name=\"twitter:label1\" content=\"Dur\u00e9e de lecture est.\" \/>\n\t<meta name=\"twitter:data1\" content=\"1 minute\" \/>\n<script type=\"application\/ld+json\" class=\"yoast-schema-graph\">{\"@context\":\"https:\/\/schema.org\",\"@graph\":[{\"@type\":\"WebSite\",\"@id\":\"https:\/\/lartdsens-traiteur.com\/#website\",\"url\":\"https:\/\/lartdsens-traiteur.com\/\",\"name\":\"L&#039;Art Des Sens - Traiteur\",\"description\":\"Traiteur sur Marseille, Aix en Provence et toute la r\\u00e9gion PACA\",\"potentialAction\":[{\"@type\":\"SearchAction\",\"target\":{\"@type\":\"EntryPoint\",\"urlTemplate\":\"https:\/\/lartdsens-traiteur.com\/?s={search_term_string}\"},\"query-input\":\"required name=search_term_string\"}],\"inLanguage\":\"fr-FR\"},{\"@type\":\"WebPage\",\"@id\":\"https:\/\/lartdsens-traiteur.com\/index.php\/contact\/#webpage\",\"url\":\"https:\/\/lartdsens-traiteur.com\/index.php\/contact\/\",\"name\":\"Contactez-nous - L'art des Sens, votre traiteur \\u00e0 Marseille et r\\u00e9gion PACA\",\"isPartOf\":{\"@id\":\"https:\/\/lartdsens-traiteur.com\/#website\"},\"datePublished\":\"2016-03-23T06:46:32+00:00\",\"dateModified\":\"2020-11-30T17:00:49+00:00\",\"description\":\"Gardez le contact avec votre traiteur. Demandez vos devis pour vos \\u00e9v\\u00e8nements pro, vos mariages, baptemes sur Marseille, Aubagne, Aix, la r\\u00e9gion PACA...\",\"breadcrumb\":{\"@id\":\"https:\/\/lartdsens-traiteur.com\/index.php\/contact\/#breadcrumb\"},\"inLanguage\":\"fr-FR\",\"potentialAction\":[{\"@type\":\"ReadAction\",\"target\":[\"https:\/\/lartdsens-traiteur.com\/index.php\/contact\/\"]}]},{\"@type\":\"BreadcrumbList\",\"@id\":\"https:\/\/lartdsens-traiteur.com\/index.php\/contact\/#breadcrumb\",\"itemListElement\":[{\"@type\":\"ListItem\",\"position\":1,\"name\":\"Accueil\",\"item\":\"https:\/\/lartdsens-traiteur.com\/\"},{\"@type\":\"ListItem\",\"position\":2,\"name\":\"Contact\"}]}]}<\/script>\n<!-- \/ Yoast SEO plugin. -->","yoast_head_json":{"title":"Contactez-nous - L'art des Sens, votre traiteur \u00e0 Marseille et r\u00e9gion PACA","description":"Gardez le contact avec votre traiteur. Demandez vos devis pour vos \u00e9v\u00e8nements pro, vos mariages, baptemes sur Marseille, Aubagne, Aix, la r\u00e9gion PACA...","robots":{"index":"index","follow":"follow","max-snippet":"max-snippet:-1","max-image-preview":"max-image-preview:large","max-video-preview":"max-video-preview:-1"},"canonical":"https:\/\/lartdsens-traiteur.com\/index.php\/contact\/","og_locale":"fr_FR","og_type":"article","og_title":"Contactez-nous - L'art des Sens, votre traiteur \u00e0 Marseille et r\u00e9gion PACA","og_description":"Gardez le contact avec votre traiteur. Demandez vos devis pour vos \u00e9v\u00e8nements pro, vos mariages, baptemes sur Marseille, Aubagne, Aix, la r\u00e9gion PACA...","og_url":"https:\/\/lartdsens-traiteur.com\/index.php\/contact\/","og_site_name":"L&#039;Art Des Sens - Traiteur","article_modified_time":"2020-11-30T17:00:49+00:00","twitter_card":"summary","twitter_misc":{"Dur\u00e9e de lecture est.":"1 minute"},"schema":{"@context":"https:\/\/schema.org","@graph":[{"@type":"WebSite","@id":"https:\/\/lartdsens-traiteur.com\/#website","url":"https:\/\/lartdsens-traiteur.com\/","name":"L&#039;Art Des Sens - Traiteur","description":"Traiteur sur Marseille, Aix en Provence et toute la r\u00e9gion PACA","potentialAction":[{"@type":"SearchAction","target":{"@type":"EntryPoint","urlTemplate":"https:\/\/lartdsens-traiteur.com\/?s={search_term_string}"},"query-input":"required name=search_term_string"}],"inLanguage":"fr-FR"},{"@type":"WebPage","@id":"https:\/\/lartdsens-traiteur.com\/index.php\/contact\/#webpage","url":"https:\/\/lartdsens-traiteur.com\/index.php\/contact\/","name":"Contactez-nous - L'art des Sens, votre traiteur \u00e0 Marseille et r\u00e9gion PACA","isPartOf":{"@id":"https:\/\/lartdsens-traiteur.com\/#website"},"datePublished":"2016-03-23T06:46:32+00:00","dateModified":"2020-11-30T17:00:49+00:00","description":"Gardez le contact avec votre traiteur. Demandez vos devis pour vos \u00e9v\u00e8nements pro, vos mariages, baptemes sur Marseille, Aubagne, Aix, la r\u00e9gion PACA...","breadcrumb":{"@id":"https:\/\/lartdsens-traiteur.com\/index.php\/contact\/#breadcrumb"},"inLanguage":"fr-FR","potentialAction":[{"@type":"ReadAction","target":["https:\/\/lartdsens-traiteur.com\/index.php\/contact\/"]}]},{"@type":"BreadcrumbList","@id":"https:\/\/lartdsens-traiteur.com\/index.php\/contact\/#breadcrumb","itemListElement":[{"@type":"ListItem","position":1,"name":"Accueil","item":"https:\/\/lartdsens-traiteur.com\/"},{"@type":"ListItem","position":2,"name":"Contact"}]}]}},"_links":{"self":[{"href":"https:\/\/lartdsens-traiteur.com\/index.php\/wp-json\/wp\/v2\/pages\/364"}],"collection":[{"href":"https:\/\/lartdsens-traiteur.com\/index.php\/wp-json\/wp\/v2\/pages"}],"about":[{"href":"https:\/\/lartdsens-traiteur.com\/index.php\/wp-json\/wp\/v2\/types\/page"}],"author":[{"embeddable":true,"href":"https:\/\/lartdsens-traiteur.com\/index.php\/wp-json\/wp\/v2\/users\/1"}],"replies":[{"embeddable":true,"href":"https:\/\/lartdsens-traiteur.com\/index.php\/wp-json\/wp\/v2\/comments?post=364"}],"version-history":[{"count":6,"href":"https:\/\/lartdsens-traiteur.com\/index.php\/wp-json\/wp\/v2\/pages\/364\/revisions"}],"predecessor-version":[{"id":1942,"href":"https:\/\/lartdsens-traiteur.com\/index.php\/wp-json\/wp\/v2\/pages\/364\/revisions\/1942"}],"wp:attachment":[{"href":"https:\/\/lartdsens-traiteur.com\/index.php\/wp-json\/wp\/v2\/media?parent=364"}],"curies":[{"name":"wp","href":"https:\/\/api.w.org\/{rel}","templated":true}]}}