{"id":1496,"date":"2016-12-15T23:57:27","date_gmt":"2016-12-15T22:57:27","guid":{"rendered":"http:\/\/lartdsens-traiteur.com\/?page_id=1496"},"modified":"2020-05-06T03:55:36","modified_gmt":"2020-05-06T01:55:36","slug":"partenaires","status":"publish","type":"page","link":"https:\/\/lartdsens-traiteur.com\/index.php\/partenaires\/","title":{"rendered":"Partenaires"},"content":{"rendered":"<p>[vc_row css=&#8221;.vc_custom_1459767731547{padding-top: 60px !important;}&#8221;][vc_column]<div class=\"addon-fancy-menu \"><div class=\"fancy-menu-content container\"><div class=\"row no-gutter\"><div class=\"col-md-7\"><div class=\"fancy-menu-innner\" style=\"background-color: #dd3333;background-image:url(https:\/\/lartdsens-traiteur.com\/wp-content\/uploads\/2016\/03\/pattern-1.png);\"><i style=\"font-size: 128px;color: #ffffff;\" class=\"sb-bistro-burger fancy-menu-icon bounceIn\"><\/i><h2 class=\"fancy-menu-title\" style=\"font-size: 50px;color: #ffffff;\">PARTENAIRES<\/h2><div class=\"fancy-menu-items\"><ol><li class=\"wow fadeInLeft\" data-wow-delay=\"0ms\"><h4>Salle<\/h4><span class=\"menu-price\"><\/span><div class=\"menu-dots\"><\/div><div class=\"menu-text\">Besoin d'une id\u00e9e de salle pour le lieu de votre mariage ou r\u00e9ception d\u00e9jeunatoire ? <\/div><\/li><\/ol><\/div><\/div><\/div><div class=\"col-md-5 fancy-menu-img-container\"><\/div><\/div><\/div><\/div><div class=\"addon-fancy-menu \"><div class=\"fancy-menu-content container\"><div class=\"row no-gutter\"><div class=\"col-md-5 fancy-menu-img-container\"><div class=\"fancy-menu-position left-top\"><img decoding=\"async\" src=\"https:\/\/lartdsens-traiteur.com\/wp-content\/uploads\/2016\/12\/ismc2-1.png\" alt=\"ISMC LA CADENELLE\"><\/div><\/div><div class=\"col-md-7\"><div class=\"fancy-menu-innner\" style=\"background-color: #383847;background-image:url(https:\/\/lartdsens-traiteur.com\/wp-content\/uploads\/2016\/03\/pattern-1.png);\"><i style=\"font-size: 128px;color: #ffffff;\" class=\"sb-bistro-drinks fancy-menu-icon bounceIn\"><\/i><h2 class=\"fancy-menu-title\" style=\"font-size: 50px;color: #ffffff;\">ISMC LA CADENELLE<\/h2><div class=\"fancy-menu-items\"><ol><li class=\"wow fadeInLeft\" data-wow-delay=\"0ms\"><h4>Institut Cadenelle<\/h4><span class=\"menu-price\"><\/span><div class=\"menu-dots\"><\/div><div class=\"menu-text\">Marseille Provence - Lyc\u00e9e La Cadenelle<\/div><\/li><\/ol><\/div><\/div><\/div><\/div><\/div><\/div><div class=\"addon-fancy-menu \"><div class=\"fancy-menu-content container\"><div class=\"row no-gutter\"><div class=\"col-md-7\"><div class=\"fancy-menu-innner\" style=\"background-color: #dd3333;background-image:url(https:\/\/lartdsens-traiteur.com\/wp-content\/uploads\/2016\/03\/pattern-1.png);\"><i style=\"font-size: 128px;color: #ffffff;\" class=\"sb-bistro-saslik fancy-menu-icon bounceIn\"><\/i><h2 class=\"fancy-menu-title\" style=\"font-size: 50px;color: #ffffff;\">SOCIETE GENERALE<\/h2><div class=\"fancy-menu-items\"><ol><\/ol><\/div><\/div><\/div><div class=\"col-md-5 fancy-menu-img-container\"><div class=\"fancy-menu-position right-top\"><img decoding=\"async\" src=\"https:\/\/lartdsens-traiteur.com\/wp-content\/uploads\/2016\/12\/SG.png\" alt=\"SOCIETE GENERALE\"><\/div><\/div><\/div><\/div><\/div><div class=\"addon-fancy-menu \"><div class=\"fancy-menu-content container\"><div class=\"row no-gutter\"><div class=\"col-md-5 fancy-menu-img-container\"><\/div><div class=\"col-md-7\"><div class=\"fancy-menu-innner\" style=\"background-color: #383847;background-image:url(https:\/\/lartdsens-traiteur.com\/wp-content\/uploads\/2016\/03\/pattern-1.png);\"><i style=\"font-size: 128px;color: #ffffff;\" class=\"sb-bistro-chef-hat fancy-menu-icon bounceIn\"><\/i><h2 class=\"fancy-menu-title\" style=\"font-size: 50px;color: #ffffff;\">SOCIETE VAILLAN<\/h2><div class=\"fancy-menu-items\"><ol><\/ol><\/div><\/div><\/div><\/div><\/div><\/div><div class=\"addon-fancy-menu \"><div class=\"fancy-menu-content container\"><div class=\"row no-gutter\"><div class=\"col-md-7\"><div class=\"fancy-menu-innner\" style=\"background-color: #dd3333;background-image:url(https:\/\/lartdsens-traiteur.com\/wp-content\/uploads\/2016\/03\/pattern-1.png);\"><i style=\"font-size: 128px;color: #ffffff;\" class=\"sb-bistro-menu fancy-menu-icon bounceIn\"><\/i><h2 class=\"fancy-menu-title\" style=\"font-size: 50px;color: #ffffff;\">SAUNIER DUVAL<\/h2><div class=\"fancy-menu-items\"><ol><\/ol><\/div><\/div><\/div><div class=\"col-md-5 fancy-menu-img-container\"><div class=\"fancy-menu-position right-top\"><img decoding=\"async\" src=\"https:\/\/lartdsens-traiteur.com\/wp-content\/uploads\/2016\/12\/SD.png\" alt=\"SAUNIER DUVAL\"><\/div><\/div><\/div><\/div><\/div><div class=\"addon-fancy-menu \"><div class=\"fancy-menu-content container\"><div class=\"row no-gutter\"><div class=\"col-md-5 fancy-menu-img-container\"><div class=\"fancy-menu-position left-top\"><img decoding=\"async\" src=\"https:\/\/lartdsens-traiteur.com\/wp-content\/uploads\/2016\/12\/AG.png\" alt=\"AZUR GAZ ENERGIE\"><\/div><\/div><div class=\"col-md-7\"><div class=\"fancy-menu-innner\" style=\"background-color: #383847;background-image:url(https:\/\/lartdsens-traiteur.com\/wp-content\/uploads\/2016\/03\/pattern-1.png);\"><i style=\"font-size: 128px;color: #ffffff;\" class=\"sb-bistro-chicken fancy-menu-icon bounceIn\"><\/i><h2 class=\"fancy-menu-title\" style=\"font-size: 50px;color: #ffffff;\">AZUR GAZ ENERGIE<\/h2><div class=\"fancy-menu-items\"><ol><\/ol><\/div><\/div><\/div><\/div><\/div><\/div><div class=\"addon-fancy-menu \"><div class=\"fancy-menu-content container\"><div class=\"row no-gutter\"><div class=\"col-md-7\"><div class=\"fancy-menu-innner\" style=\"background-color: #dd3333;background-image:url(https:\/\/lartdsens-traiteur.com\/wp-content\/uploads\/2016\/03\/pattern-1.png);\"><i style=\"font-size: 128px;color: #ffffff;\" class=\"sb-bistro-muffin fancy-menu-icon bounceIn\"><\/i><h2 class=\"fancy-menu-title\" style=\"font-size: 50px;color: #ffffff;\">ETRE AUX ANGES<\/h2><div class=\"fancy-menu-items\"><ol><\/ol><\/div><\/div><\/div><div class=\"col-md-5 fancy-menu-img-container\"><div class=\"fancy-menu-position right-top\"><img decoding=\"async\" src=\"https:\/\/lartdsens-traiteur.com\/wp-content\/uploads\/2016\/12\/EaA.png\" alt=\"ETRE AUX ANGES\"><\/div><\/div><\/div><\/div><\/div><div class=\"addon-fancy-menu \"><div class=\"fancy-menu-content container\"><div class=\"row no-gutter\"><div class=\"col-md-5 fancy-menu-img-container\"><div class=\"fancy-menu-position left-top\"><img decoding=\"async\" src=\"https:\/\/lartdsens-traiteur.com\/wp-content\/uploads\/2016\/12\/AG.png\" alt=\"AZUR GAZ ENERGIE\"><\/div><\/div><div class=\"col-md-7\"><div class=\"fancy-menu-innner\" style=\"background-color: #383847;background-image:url(https:\/\/lartdsens-traiteur.com\/wp-content\/uploads\/2016\/03\/pattern-1.png);\"><i style=\"font-size: 128px;color: #ffffff;\" class=\"sb-bistro-cake fancy-menu-icon bounceIn\"><\/i><h2 class=\"fancy-menu-title\" style=\"font-size: 50px;color: #ffffff;\">AZUR GAZ ENERGIE<\/h2><div class=\"fancy-menu-items\"><ol><\/ol><\/div><\/div><\/div><\/div><\/div><\/div><div class=\"addon-fancy-menu \"><div class=\"fancy-menu-content container\"><div class=\"row no-gutter\"><div class=\"col-md-7\"><div class=\"fancy-menu-innner\" style=\"background-color: #dd3333;background-image:url(https:\/\/lartdsens-traiteur.com\/wp-content\/uploads\/2016\/03\/pattern-1.png);\"><i style=\"font-size: 128px;color: #ffffff;\" class=\"sb-bistro-appetizer fancy-menu-icon bounceIn\"><\/i><h2 class=\"fancy-menu-title\" style=\"font-size: 50px;color: #ffffff;\">MISTRAL INNOVATION<\/h2><div class=\"fancy-menu-items\"><ol><\/ol><\/div><\/div><\/div><div class=\"col-md-5 fancy-menu-img-container\"><div class=\"fancy-menu-position right-top\"><img decoding=\"async\" src=\"https:\/\/lartdsens-traiteur.com\/wp-content\/uploads\/2016\/12\/MI.png\" alt=\"MISTRAL INNOVATION\"><\/div><\/div><\/div><\/div><\/div>[\/vc_column][\/vc_row]<\/p>\n","protected":false},"excerpt":{"rendered":"<p>[vc_row css=&#8221;.vc_custom_1459767731547{padding-top: 60px !important;}&#8221;][vc_column][\/vc_column][\/vc_row]<\/p>\n","protected":false},"author":1,"featured_media":0,"parent":0,"menu_order":0,"comment_status":"closed","ping_status":"closed","template":"","meta":{"footnotes":""},"yoast_head":"<!-- This site is optimized with the Yoast SEO plugin v17.4 - https:\/\/yoast.com\/wordpress\/plugins\/seo\/ -->\n<title>Les Partenaires - L&#039;Art Des Sens - Traiteur en Paca<\/title>\n<meta name=\"description\" content=\"L&#039;Art Des Sens - Traiteur - Voici les Partenaires de L&#039;Art Des Sens, les soci\u00e9t\u00e9s avec qui nous travaillons d\u00e8s qu&#039;elles en ont l&#039;occasion.\" \/>\n<meta name=\"robots\" content=\"index, follow, max-snippet:-1, max-image-preview:large, max-video-preview:-1\" \/>\n<link rel=\"canonical\" href=\"https:\/\/lartdsens-traiteur.com\/index.php\/partenaires\/\" \/>\n<meta property=\"og:locale\" content=\"fr_FR\" \/>\n<meta property=\"og:type\" content=\"article\" \/>\n<meta property=\"og:title\" content=\"Les Partenaires - L&#039;Art Des Sens - Traiteur en Paca\" \/>\n<meta property=\"og:description\" content=\"L&#039;Art Des Sens - Traiteur - Voici les Partenaires de L&#039;Art Des Sens, les soci\u00e9t\u00e9s avec qui nous travaillons d\u00e8s qu&#039;elles en ont l&#039;occasion.\" \/>\n<meta property=\"og:url\" content=\"https:\/\/lartdsens-traiteur.com\/index.php\/partenaires\/\" \/>\n<meta property=\"og:site_name\" content=\"L&#039;Art Des Sens - Traiteur\" \/>\n<meta property=\"article:modified_time\" content=\"2020-05-06T01:55:36+00:00\" \/>\n<meta name=\"twitter:card\" content=\"summary\" \/>\n<meta name=\"twitter:label1\" content=\"Dur\u00e9e de lecture est.\" \/>\n\t<meta name=\"twitter:data1\" content=\"2 minutes\" \/>\n<script type=\"application\/ld+json\" class=\"yoast-schema-graph\">{\"@context\":\"https:\/\/schema.org\",\"@graph\":[{\"@type\":\"WebSite\",\"@id\":\"https:\/\/lartdsens-traiteur.com\/#website\",\"url\":\"https:\/\/lartdsens-traiteur.com\/\",\"name\":\"L&#039;Art Des Sens - Traiteur\",\"description\":\"Traiteur sur Marseille, Aix en Provence et toute la r\\u00e9gion PACA\",\"potentialAction\":[{\"@type\":\"SearchAction\",\"target\":{\"@type\":\"EntryPoint\",\"urlTemplate\":\"https:\/\/lartdsens-traiteur.com\/?s={search_term_string}\"},\"query-input\":\"required name=search_term_string\"}],\"inLanguage\":\"fr-FR\"},{\"@type\":\"WebPage\",\"@id\":\"https:\/\/lartdsens-traiteur.com\/index.php\/partenaires\/#webpage\",\"url\":\"https:\/\/lartdsens-traiteur.com\/index.php\/partenaires\/\",\"name\":\"Les Partenaires - L&#039;Art Des Sens - Traiteur en Paca\",\"isPartOf\":{\"@id\":\"https:\/\/lartdsens-traiteur.com\/#website\"},\"datePublished\":\"2016-12-15T22:57:27+00:00\",\"dateModified\":\"2020-05-06T01:55:36+00:00\",\"description\":\"L&#039;Art Des Sens - Traiteur - Voici les Partenaires de L'Art Des Sens, les soci\\u00e9t\\u00e9s avec qui nous travaillons d\\u00e8s qu'elles en ont l'occasion.\",\"breadcrumb\":{\"@id\":\"https:\/\/lartdsens-traiteur.com\/index.php\/partenaires\/#breadcrumb\"},\"inLanguage\":\"fr-FR\",\"potentialAction\":[{\"@type\":\"ReadAction\",\"target\":[\"https:\/\/lartdsens-traiteur.com\/index.php\/partenaires\/\"]}]},{\"@type\":\"BreadcrumbList\",\"@id\":\"https:\/\/lartdsens-traiteur.com\/index.php\/partenaires\/#breadcrumb\",\"itemListElement\":[{\"@type\":\"ListItem\",\"position\":1,\"name\":\"Accueil\",\"item\":\"https:\/\/lartdsens-traiteur.com\/\"},{\"@type\":\"ListItem\",\"position\":2,\"name\":\"Partenaires\"}]}]}<\/script>\n<!-- \/ Yoast SEO plugin. -->","yoast_head_json":{"title":"Les Partenaires - L&#039;Art Des Sens - Traiteur en Paca","description":"L&#039;Art Des Sens - Traiteur - Voici les Partenaires de L'Art Des Sens, les soci\u00e9t\u00e9s avec qui nous travaillons d\u00e8s qu'elles en ont l'occasion.","robots":{"index":"index","follow":"follow","max-snippet":"max-snippet:-1","max-image-preview":"max-image-preview:large","max-video-preview":"max-video-preview:-1"},"canonical":"https:\/\/lartdsens-traiteur.com\/index.php\/partenaires\/","og_locale":"fr_FR","og_type":"article","og_title":"Les Partenaires - L&#039;Art Des Sens - Traiteur en Paca","og_description":"L&#039;Art Des Sens - Traiteur - Voici les Partenaires de L'Art Des Sens, les soci\u00e9t\u00e9s avec qui nous travaillons d\u00e8s qu'elles en ont l'occasion.","og_url":"https:\/\/lartdsens-traiteur.com\/index.php\/partenaires\/","og_site_name":"L&#039;Art Des Sens - Traiteur","article_modified_time":"2020-05-06T01:55:36+00:00","twitter_card":"summary","twitter_misc":{"Dur\u00e9e de lecture est.":"2 minutes"},"schema":{"@context":"https:\/\/schema.org","@graph":[{"@type":"WebSite","@id":"https:\/\/lartdsens-traiteur.com\/#website","url":"https:\/\/lartdsens-traiteur.com\/","name":"L&#039;Art Des Sens - Traiteur","description":"Traiteur sur Marseille, Aix en Provence et toute la r\u00e9gion PACA","potentialAction":[{"@type":"SearchAction","target":{"@type":"EntryPoint","urlTemplate":"https:\/\/lartdsens-traiteur.com\/?s={search_term_string}"},"query-input":"required name=search_term_string"}],"inLanguage":"fr-FR"},{"@type":"WebPage","@id":"https:\/\/lartdsens-traiteur.com\/index.php\/partenaires\/#webpage","url":"https:\/\/lartdsens-traiteur.com\/index.php\/partenaires\/","name":"Les Partenaires - L&#039;Art Des Sens - Traiteur en Paca","isPartOf":{"@id":"https:\/\/lartdsens-traiteur.com\/#website"},"datePublished":"2016-12-15T22:57:27+00:00","dateModified":"2020-05-06T01:55:36+00:00","description":"L&#039;Art Des Sens - Traiteur - Voici les Partenaires de L'Art Des Sens, les soci\u00e9t\u00e9s avec qui nous travaillons d\u00e8s qu'elles en ont l'occasion.","breadcrumb":{"@id":"https:\/\/lartdsens-traiteur.com\/index.php\/partenaires\/#breadcrumb"},"inLanguage":"fr-FR","potentialAction":[{"@type":"ReadAction","target":["https:\/\/lartdsens-traiteur.com\/index.php\/partenaires\/"]}]},{"@type":"BreadcrumbList","@id":"https:\/\/lartdsens-traiteur.com\/index.php\/partenaires\/#breadcrumb","itemListElement":[{"@type":"ListItem","position":1,"name":"Accueil","item":"https:\/\/lartdsens-traiteur.com\/"},{"@type":"ListItem","position":2,"name":"Partenaires"}]}]}},"_links":{"self":[{"href":"https:\/\/lartdsens-traiteur.com\/index.php\/wp-json\/wp\/v2\/pages\/1496"}],"collection":[{"href":"https:\/\/lartdsens-traiteur.com\/index.php\/wp-json\/wp\/v2\/pages"}],"about":[{"href":"https:\/\/lartdsens-traiteur.com\/index.php\/wp-json\/wp\/v2\/types\/page"}],"author":[{"embeddable":true,"href":"https:\/\/lartdsens-traiteur.com\/index.php\/wp-json\/wp\/v2\/users\/1"}],"replies":[{"embeddable":true,"href":"https:\/\/lartdsens-traiteur.com\/index.php\/wp-json\/wp\/v2\/comments?post=1496"}],"version-history":[{"count":34,"href":"https:\/\/lartdsens-traiteur.com\/index.php\/wp-json\/wp\/v2\/pages\/1496\/revisions"}],"predecessor-version":[{"id":1557,"href":"https:\/\/lartdsens-traiteur.com\/index.php\/wp-json\/wp\/v2\/pages\/1496\/revisions\/1557"}],"wp:attachment":[{"href":"https:\/\/lartdsens-traiteur.com\/index.php\/wp-json\/wp\/v2\/media?parent=1496"}],"curies":[{"name":"wp","href":"https:\/\/api.w.org\/{rel}","templated":true}]}}