{"id":1453,"date":"2016-11-29T17:50:30","date_gmt":"2016-11-29T16:50:30","guid":{"rendered":"http:\/\/lartdsens-traiteur.com\/?page_id=1453"},"modified":"2020-06-11T17:28:41","modified_gmt":"2020-06-11T15:28:41","slug":"galerie-traiteur","status":"publish","type":"page","link":"https:\/\/lartdsens-traiteur.com\/index.php\/galerie-traiteur\/","title":{"rendered":"Galerie"},"content":{"rendered":"<p>[vc_row][vc_column][vc_masonry_media_grid style=&#8221;lazy&#8221; items_per_page=&#8221;9&#8243; item=&#8221;mediaGrid_SimpleOverlay&#8221; grid_id=&#8221;vc_gid:1542805588837-e506a76d-da0b-9&#8243; include=&#8221;1164,1679,1871, 1460,1465,1876,1405,1181,1874,1180,1619,1620,1618,1617,1622,1623,1624,1453,1851,1852,1853,1854&#8243;][\/vc_column][\/vc_row]<\/p>\n","protected":false},"excerpt":{"rendered":"<p>[vc_row][vc_column][vc_masonry_media_grid style=&#8221;lazy&#8221; items_per_page=&#8221;9&#8243; item=&#8221;mediaGrid_SimpleOverlay&#8221; grid_id=&#8221;vc_gid:1542805588837-e506a76d-da0b-9&#8243; include=&#8221;1164,1679,1871, 1460,1465,1876,1405,1181,1874,1180,1619,1620,1618,1617,1622,1623,1624,1453,1851,1852,1853,1854&#8243;][\/vc_column][\/vc_row]<\/p>\n","protected":false},"author":1,"featured_media":0,"parent":0,"menu_order":0,"comment_status":"closed","ping_status":"closed","template":"","meta":{"footnotes":""},"yoast_head":"<!-- This site is optimized with the Yoast SEO plugin v17.4 - https:\/\/yoast.com\/wordpress\/plugins\/seo\/ -->\n<title>L&#039;art des sens - Originalit\u00e9 et rigueur pour vos besoins traiteur<\/title>\n<meta name=\"description\" content=\"La rigueur dans les r\u00e9alisations de prestations de traiteur originales. L&#039;excellence dans la qualit\u00e9 visuelle et gustative de nos buffets et pr\u00e9parations.\" \/>\n<meta name=\"robots\" content=\"index, follow, max-snippet:-1, max-image-preview:large, max-video-preview:-1\" \/>\n<link rel=\"canonical\" href=\"https:\/\/lartdsens-traiteur.com\/index.php\/galerie-traiteur\/\" \/>\n<meta property=\"og:locale\" content=\"fr_FR\" \/>\n<meta property=\"og:type\" content=\"article\" \/>\n<meta property=\"og:title\" content=\"L&#039;art des sens - Originalit\u00e9 et rigueur pour vos besoins traiteur\" \/>\n<meta property=\"og:description\" content=\"La rigueur dans les r\u00e9alisations de prestations de traiteur originales. L&#039;excellence dans la qualit\u00e9 visuelle et gustative de nos buffets et pr\u00e9parations.\" \/>\n<meta property=\"og:url\" content=\"https:\/\/lartdsens-traiteur.com\/index.php\/galerie-traiteur\/\" \/>\n<meta property=\"og:site_name\" content=\"L&#039;Art Des Sens - Traiteur\" \/>\n<meta property=\"article:modified_time\" content=\"2020-06-11T15:28:41+00:00\" \/>\n<meta name=\"twitter:card\" content=\"summary\" \/>\n<script type=\"application\/ld+json\" class=\"yoast-schema-graph\">{\"@context\":\"https:\/\/schema.org\",\"@graph\":[{\"@type\":\"WebSite\",\"@id\":\"https:\/\/lartdsens-traiteur.com\/#website\",\"url\":\"https:\/\/lartdsens-traiteur.com\/\",\"name\":\"L&#039;Art Des Sens - Traiteur\",\"description\":\"Traiteur sur Marseille, Aix en Provence et toute la r\\u00e9gion PACA\",\"potentialAction\":[{\"@type\":\"SearchAction\",\"target\":{\"@type\":\"EntryPoint\",\"urlTemplate\":\"https:\/\/lartdsens-traiteur.com\/?s={search_term_string}\"},\"query-input\":\"required name=search_term_string\"}],\"inLanguage\":\"fr-FR\"},{\"@type\":\"WebPage\",\"@id\":\"https:\/\/lartdsens-traiteur.com\/index.php\/galerie-traiteur\/#webpage\",\"url\":\"https:\/\/lartdsens-traiteur.com\/index.php\/galerie-traiteur\/\",\"name\":\"L'art des sens - Originalit\\u00e9 et rigueur pour vos besoins traiteur\",\"isPartOf\":{\"@id\":\"https:\/\/lartdsens-traiteur.com\/#website\"},\"datePublished\":\"2016-11-29T16:50:30+00:00\",\"dateModified\":\"2020-06-11T15:28:41+00:00\",\"description\":\"La rigueur dans les r\\u00e9alisations de prestations de traiteur originales. L'excellence dans la qualit\\u00e9 visuelle et gustative de nos buffets et pr\\u00e9parations.\",\"breadcrumb\":{\"@id\":\"https:\/\/lartdsens-traiteur.com\/index.php\/galerie-traiteur\/#breadcrumb\"},\"inLanguage\":\"fr-FR\",\"potentialAction\":[{\"@type\":\"ReadAction\",\"target\":[\"https:\/\/lartdsens-traiteur.com\/index.php\/galerie-traiteur\/\"]}]},{\"@type\":\"BreadcrumbList\",\"@id\":\"https:\/\/lartdsens-traiteur.com\/index.php\/galerie-traiteur\/#breadcrumb\",\"itemListElement\":[{\"@type\":\"ListItem\",\"position\":1,\"name\":\"Accueil\",\"item\":\"https:\/\/lartdsens-traiteur.com\/\"},{\"@type\":\"ListItem\",\"position\":2,\"name\":\"Galerie\"}]}]}<\/script>\n<!-- \/ Yoast SEO plugin. -->","yoast_head_json":{"title":"L'art des sens - Originalit\u00e9 et rigueur pour vos besoins traiteur","description":"La rigueur dans les r\u00e9alisations de prestations de traiteur originales. L'excellence dans la qualit\u00e9 visuelle et gustative de nos buffets et pr\u00e9parations.","robots":{"index":"index","follow":"follow","max-snippet":"max-snippet:-1","max-image-preview":"max-image-preview:large","max-video-preview":"max-video-preview:-1"},"canonical":"https:\/\/lartdsens-traiteur.com\/index.php\/galerie-traiteur\/","og_locale":"fr_FR","og_type":"article","og_title":"L'art des sens - Originalit\u00e9 et rigueur pour vos besoins traiteur","og_description":"La rigueur dans les r\u00e9alisations de prestations de traiteur originales. L'excellence dans la qualit\u00e9 visuelle et gustative de nos buffets et pr\u00e9parations.","og_url":"https:\/\/lartdsens-traiteur.com\/index.php\/galerie-traiteur\/","og_site_name":"L&#039;Art Des Sens - Traiteur","article_modified_time":"2020-06-11T15:28:41+00:00","twitter_card":"summary","schema":{"@context":"https:\/\/schema.org","@graph":[{"@type":"WebSite","@id":"https:\/\/lartdsens-traiteur.com\/#website","url":"https:\/\/lartdsens-traiteur.com\/","name":"L&#039;Art Des Sens - Traiteur","description":"Traiteur sur Marseille, Aix en Provence et toute la r\u00e9gion PACA","potentialAction":[{"@type":"SearchAction","target":{"@type":"EntryPoint","urlTemplate":"https:\/\/lartdsens-traiteur.com\/?s={search_term_string}"},"query-input":"required name=search_term_string"}],"inLanguage":"fr-FR"},{"@type":"WebPage","@id":"https:\/\/lartdsens-traiteur.com\/index.php\/galerie-traiteur\/#webpage","url":"https:\/\/lartdsens-traiteur.com\/index.php\/galerie-traiteur\/","name":"L'art des sens - Originalit\u00e9 et rigueur pour vos besoins traiteur","isPartOf":{"@id":"https:\/\/lartdsens-traiteur.com\/#website"},"datePublished":"2016-11-29T16:50:30+00:00","dateModified":"2020-06-11T15:28:41+00:00","description":"La rigueur dans les r\u00e9alisations de prestations de traiteur originales. L'excellence dans la qualit\u00e9 visuelle et gustative de nos buffets et pr\u00e9parations.","breadcrumb":{"@id":"https:\/\/lartdsens-traiteur.com\/index.php\/galerie-traiteur\/#breadcrumb"},"inLanguage":"fr-FR","potentialAction":[{"@type":"ReadAction","target":["https:\/\/lartdsens-traiteur.com\/index.php\/galerie-traiteur\/"]}]},{"@type":"BreadcrumbList","@id":"https:\/\/lartdsens-traiteur.com\/index.php\/galerie-traiteur\/#breadcrumb","itemListElement":[{"@type":"ListItem","position":1,"name":"Accueil","item":"https:\/\/lartdsens-traiteur.com\/"},{"@type":"ListItem","position":2,"name":"Galerie"}]}]}},"_links":{"self":[{"href":"https:\/\/lartdsens-traiteur.com\/index.php\/wp-json\/wp\/v2\/pages\/1453"}],"collection":[{"href":"https:\/\/lartdsens-traiteur.com\/index.php\/wp-json\/wp\/v2\/pages"}],"about":[{"href":"https:\/\/lartdsens-traiteur.com\/index.php\/wp-json\/wp\/v2\/types\/page"}],"author":[{"embeddable":true,"href":"https:\/\/lartdsens-traiteur.com\/index.php\/wp-json\/wp\/v2\/users\/1"}],"replies":[{"embeddable":true,"href":"https:\/\/lartdsens-traiteur.com\/index.php\/wp-json\/wp\/v2\/comments?post=1453"}],"version-history":[{"count":23,"href":"https:\/\/lartdsens-traiteur.com\/index.php\/wp-json\/wp\/v2\/pages\/1453\/revisions"}],"predecessor-version":[{"id":1934,"href":"https:\/\/lartdsens-traiteur.com\/index.php\/wp-json\/wp\/v2\/pages\/1453\/revisions\/1934"}],"wp:attachment":[{"href":"https:\/\/lartdsens-traiteur.com\/index.php\/wp-json\/wp\/v2\/media?parent=1453"}],"curies":[{"name":"wp","href":"https:\/\/api.w.org\/{rel}","templated":true}]}}